{"id":718,"date":"2016-10-09T10:24:50","date_gmt":"2016-10-09T08:24:50","guid":{"rendered":"http:\/\/localhost\/?page_id=718"},"modified":"2016-11-26T16:51:41","modified_gmt":"2016-11-26T15:51:41","slug":"der-verein","status":"publish","type":"page","link":"https:\/\/xn--familiengrten-bassersdorf-tec.ch\/","title":{"rendered":"Der Verein"},"content":{"rendered":"<!-- meta slider -->\n<div style=\"max-width: 1200px;\" class=\"metaslider metaslider-nivo metaslider-858 ml-slider\">\n    \n    <div id=\"metaslider_container_858\">\n        <div class='slider-wrapper theme-default'>\n            <div class='ribbon'><\/div>\n            <div id='metaslider_858' class='nivoSlider'>\n                <img src=\"https:\/\/xn--familiengrten-bassersdorf-tec.ch\/wp-content\/uploads\/2016\/10\/Titel-568x237.jpg\" height=\"500\" width=\"1200\" alt=\"\" class=\"slider-858 slide-797\" \/>\n                <img src=\"https:\/\/xn--familiengrten-bassersdorf-tec.ch\/wp-content\/uploads\/2020\/05\/PHOTO-2020-04-28-15-10-25-4-1200x500.jpg\" height=\"500\" width=\"1200\" alt=\"\" class=\"slider-858 slide-1150\" \/>\n                <img src=\"https:\/\/xn--familiengrten-bassersdorf-tec.ch\/wp-content\/uploads\/2020\/05\/PHOTO-2020-04-28-15-10-24-1200x500.jpg\" height=\"500\" width=\"1200\" alt=\"\" class=\"slider-858 slide-1151\" \/>\n                <img src=\"https:\/\/xn--familiengrten-bassersdorf-tec.ch\/wp-content\/uploads\/2020\/05\/PHOTO-2020-04-28-15-10-17-1200x500.jpg\" height=\"500\" width=\"1200\" alt=\"\" class=\"slider-858 slide-1152\" \/>\n                <img src=\"https:\/\/xn--familiengrten-bassersdorf-tec.ch\/wp-content\/uploads\/2020\/05\/DSC01193-1200x500.jpg\" height=\"500\" width=\"1200\" alt=\"\" class=\"slider-858 slide-1153\" \/>\n                <img src=\"https:\/\/xn--familiengrten-bassersdorf-tec.ch\/wp-content\/uploads\/2020\/05\/DSC01172-1200x500.jpg\" height=\"500\" width=\"1200\" alt=\"\" class=\"slider-858 slide-1154\" \/>\n                <img src=\"https:\/\/xn--familiengrten-bassersdorf-tec.ch\/wp-content\/uploads\/2020\/05\/6919a176-a75e-44a5-a340-78bb9d345343-1200x500.jpg\" height=\"500\" width=\"1200\" alt=\"\" class=\"slider-858 slide-1155\" \/>\n                <img src=\"https:\/\/xn--familiengrten-bassersdorf-tec.ch\/wp-content\/uploads\/2020\/05\/4f10a3a1-0b44-4ae8-adb0-733b758f2b1f-1200x500.jpg\" height=\"500\" width=\"1200\" alt=\"\" class=\"slider-858 slide-1156\" \/>\n                <img src=\"https:\/\/xn--familiengrten-bassersdorf-tec.ch\/wp-content\/uploads\/2020\/05\/1e8f4608-2c7e-4116-8edd-bae29af2f15d-1200x500.jpg\" height=\"500\" width=\"1200\" alt=\"\" class=\"slider-858 slide-1157\" \/>\n                <img src=\"https:\/\/xn--familiengrten-bassersdorf-tec.ch\/wp-content\/uploads\/2020\/05\/DSC01198-1200x500.jpg\" height=\"500\" width=\"1200\" alt=\"\" class=\"slider-858 slide-1158\" \/>\n                <img src=\"https:\/\/xn--familiengrten-bassersdorf-tec.ch\/wp-content\/uploads\/2020\/05\/062a0f6b-98d9-414c-a30e-5f8a516a5775-1200x500.jpg\" height=\"500\" width=\"1200\" alt=\"\" class=\"slider-858 slide-1159\" \/>\n            <\/div>\n        <\/div>\n        \n    <\/div>\n    <script type=\"text\/javascript\">\n        var metaslider_858 = function($) {\n            $('#metaslider_858').nivoSlider({ \n                boxCols:7,\n                boxRows:5,\n                pauseTime:3000,\n                effect:\"fade\",\n                controlNav:false,\n                directionNav:true,\n                pauseOnHover:true,\n                animSpeed:600,\n                prevText:\"&lt;\",\n                nextText:\"&gt;\",\n                slices:15,\n                manualAdvance:false\n            });\n        };\n        var timer_metaslider_858 = function() {\n            var slider = !window.jQuery ? window.setTimeout(timer_metaslider_858, 100) : !jQuery.isReady ? window.setTimeout(timer_metaslider_858, 1) : metaslider_858(window.jQuery);\n        };\n        timer_metaslider_858();\n    <\/script>\n<\/div>\n<!--\/\/ meta slider-->\n<blockquote>\n<p align=\"center\"><em>Willst du einen Tag gl\u00fccklich sein,<\/em><br \/>\n<em> So betrinke dich mit Wein<\/em><br \/>\n<em> Willst du ein Jahr gl\u00fccklich sein,<\/em><br \/>\n<em> so baue dir ein Haus.<\/em><br \/>\n<em> Willst du ein Leben lang gl\u00fccklich sein,<\/em><br \/>\n<em> so gestalte dir deinen Garten<\/em><\/p>\n<\/blockquote>\n<p><em><tt>Chinesische Weisheit<\/tt><\/em><br \/>\n<span style=\"font-family: impact, sans-serif;\"><br \/>\n<\/span><span style=\"font-size: 12pt; font-family: helvetica, arial, sans-serif;\">Am 29. M\u00e4rz 1976 trafen sich im Singsaal M\u00f6sli unter Vorsitz von Friedrich Schneider (damals Pr\u00e4sident des Verkehrs- und Versch\u00f6nerungsvereins Bassersdorf) 46 Mitglieder zur Gr\u00fcndungsversammlung. Schon am folgenden Tag wurde mit der Gemeinde ein Pachtvertrag auf 1. April 1976 abgeschlossen. Bewirtschaftet werden heute die beiden gemeindeeigenen Grundst\u00fccke Leigrueb und Baholz. Sie sind in total 89 unterschiedlich grossen Parzellen aufgeteilt und dienen allen Vereinsmitgliedern als Ort der Erholung und Entspannung. Mit unserem j\u00e4hrlichen Sommerfest m\u00f6chten wir die zwischenmenschlichen Beziehungen unter den Mitgliedern f\u00f6rdern und pflegen. Wir verf\u00fcgen \u00fcber eine moderne Infrastruktur mit Vereinshaus, Ger\u00e4tehaus, Toiletten sowie Parkpl\u00e4tze.<\/span><\/p>\n","protected":false},"excerpt":{"rendered":"<p>Willst du einen Tag gl\u00fccklich sein, So betrinke dich mit Wein Willst du ein Jahr gl\u00fccklich sein, so baue dir ein Haus. Willst du ein Leben lang gl\u00fccklich sein, so gestalte dir deinen Garten Chinesische Weisheit Am 29. M\u00e4rz 1976 trafen sich im Singsaal&#8230;<\/p>\n","protected":false},"author":1,"featured_media":0,"parent":0,"menu_order":0,"comment_status":"closed","ping_status":"closed","template":"","meta":[],"_links":{"self":[{"href":"https:\/\/xn--familiengrten-bassersdorf-tec.ch\/index.php?rest_route=\/wp\/v2\/pages\/718"}],"collection":[{"href":"https:\/\/xn--familiengrten-bassersdorf-tec.ch\/index.php?rest_route=\/wp\/v2\/pages"}],"about":[{"href":"https:\/\/xn--familiengrten-bassersdorf-tec.ch\/index.php?rest_route=\/wp\/v2\/types\/page"}],"author":[{"embeddable":true,"href":"https:\/\/xn--familiengrten-bassersdorf-tec.ch\/index.php?rest_route=\/wp\/v2\/users\/1"}],"replies":[{"embeddable":true,"href":"https:\/\/xn--familiengrten-bassersdorf-tec.ch\/index.php?rest_route=%2Fwp%2Fv2%2Fcomments&post=718"}],"version-history":[{"count":19,"href":"https:\/\/xn--familiengrten-bassersdorf-tec.ch\/index.php?rest_route=\/wp\/v2\/pages\/718\/revisions"}],"predecessor-version":[{"id":871,"href":"https:\/\/xn--familiengrten-bassersdorf-tec.ch\/index.php?rest_route=\/wp\/v2\/pages\/718\/revisions\/871"}],"wp:attachment":[{"href":"https:\/\/xn--familiengrten-bassersdorf-tec.ch\/index.php?rest_route=%2Fwp%2Fv2%2Fmedia&parent=718"}],"curies":[{"name":"wp","href":"https:\/\/api.w.org\/{rel}","templated":true}]}}