{"id":724,"date":"2016-10-09T10:26:30","date_gmt":"2016-10-09T08:26:30","guid":{"rendered":"http:\/\/localhost\/?page_id=724"},"modified":"2026-03-30T20:11:31","modified_gmt":"2026-03-30T18:11:31","slug":"reglemente","status":"publish","type":"page","link":"https:\/\/xn--familiengrten-bassersdorf-tec.ch\/?page_id=724","title":{"rendered":"Reglemente"},"content":{"rendered":"<p>\u200b<\/p>\n<table class=\" aligncenter\" style=\"width: 919.344px; height: 407px;\">\n<tbody>\n<tr style=\"height: 306px; border-color: #ff0000;\">\n<td style=\"width: 169px; height: 306px;\"><a href=\"https:\/\/xn--familiengrten-bassersdorf-tec.ch\/wp-content\/uploads\/2021\/02\/Gartenordnung-2021.pdf\" rel=\"attachment wp-att-1036\"><img loading=\"lazy\" class=\"wp-image-1036 aligncenter\" src=\"https:\/\/xn--familiengrten-bassersdorf-tec.ch\/wp-content\/uploads\/2016\/10\/Gartenordnung-2018-1.png\" alt=\"Gartenordnung 2018\" width=\"189\" height=\"266\" srcset=\"https:\/\/xn--familiengrten-bassersdorf-tec.ch\/wp-content\/uploads\/2016\/10\/Gartenordnung-2018-1.png 566w, https:\/\/xn--familiengrten-bassersdorf-tec.ch\/wp-content\/uploads\/2016\/10\/Gartenordnung-2018-1-213x300.png 213w, https:\/\/xn--familiengrten-bassersdorf-tec.ch\/wp-content\/uploads\/2016\/10\/Gartenordnung-2018-1-454x640.png 454w\" sizes=\"(max-width: 189px) 100vw, 189px\" \/><\/a><\/td>\n<td style=\"width: 175px; text-align: center; height: 306px;\"><a href=\"https:\/\/xn--familiengrten-bassersdorf-tec.ch\/wp-content\/uploads\/2019\/02\/Statuten-8.2.2019.pdf\"><img loading=\"lazy\" class=\"alignnone wp-image-1085 size-full\" src=\"https:\/\/xn--familiengrten-bassersdorf-tec.ch\/wp-content\/uploads\/2019\/02\/Statuten.png\" alt=\"\" width=\"1091\" height=\"1559\" srcset=\"https:\/\/xn--familiengrten-bassersdorf-tec.ch\/wp-content\/uploads\/2019\/02\/Statuten.png 1091w, https:\/\/xn--familiengrten-bassersdorf-tec.ch\/wp-content\/uploads\/2019\/02\/Statuten-210x300.png 210w, https:\/\/xn--familiengrten-bassersdorf-tec.ch\/wp-content\/uploads\/2019\/02\/Statuten-768x1097.png 768w, https:\/\/xn--familiengrten-bassersdorf-tec.ch\/wp-content\/uploads\/2019\/02\/Statuten-717x1024.png 717w, https:\/\/xn--familiengrten-bassersdorf-tec.ch\/wp-content\/uploads\/2019\/02\/Statuten-448x640.png 448w\" sizes=\"(max-width: 1091px) 100vw, 1091px\" \/><\/a><\/td>\n<td style=\"width: 188px; text-align: center; height: 306px;\"><a href=\"https:\/\/xn--familiengrten-bassersdorf-tec.ch\/wp-content\/uploads\/2016\/12\/Baureglement-2006.pdf\"><img loading=\"lazy\" class=\"alignnone wp-image-1086\" src=\"https:\/\/xn--familiengrten-bassersdorf-tec.ch\/wp-content\/uploads\/2019\/02\/Baureglement.png\" alt=\"\" width=\"173\" height=\"241\" srcset=\"https:\/\/xn--familiengrten-bassersdorf-tec.ch\/wp-content\/uploads\/2019\/02\/Baureglement.png 1204w, https:\/\/xn--familiengrten-bassersdorf-tec.ch\/wp-content\/uploads\/2019\/02\/Baureglement-216x300.png 216w, https:\/\/xn--familiengrten-bassersdorf-tec.ch\/wp-content\/uploads\/2019\/02\/Baureglement-768x1068.png 768w, https:\/\/xn--familiengrten-bassersdorf-tec.ch\/wp-content\/uploads\/2019\/02\/Baureglement-736x1024.png 736w, https:\/\/xn--familiengrten-bassersdorf-tec.ch\/wp-content\/uploads\/2019\/02\/Baureglement-460x640.png 460w\" sizes=\"(max-width: 173px) 100vw, 173px\" \/><\/a><\/td>\n<td style=\"width: 189px; text-align: center; height: 306px;\"><a href=\"https:\/\/xn--familiengrten-bassersdorf-tec.ch\/wp-content\/uploads\/2016\/12\/Benutzung_vereinseigener_Anlagen-2010.pdf\"><img loading=\"lazy\" class=\"alignnone wp-image-1087 size-full\" src=\"https:\/\/xn--familiengrten-bassersdorf-tec.ch\/wp-content\/uploads\/2019\/02\/Vereinseigene-Anlagen.png\" alt=\"\" width=\"1084\" height=\"1537\" srcset=\"https:\/\/xn--familiengrten-bassersdorf-tec.ch\/wp-content\/uploads\/2019\/02\/Vereinseigene-Anlagen.png 1084w, https:\/\/xn--familiengrten-bassersdorf-tec.ch\/wp-content\/uploads\/2019\/02\/Vereinseigene-Anlagen-212x300.png 212w, https:\/\/xn--familiengrten-bassersdorf-tec.ch\/wp-content\/uploads\/2019\/02\/Vereinseigene-Anlagen-768x1089.png 768w, https:\/\/xn--familiengrten-bassersdorf-tec.ch\/wp-content\/uploads\/2019\/02\/Vereinseigene-Anlagen-722x1024.png 722w, https:\/\/xn--familiengrten-bassersdorf-tec.ch\/wp-content\/uploads\/2019\/02\/Vereinseigene-Anlagen-451x640.png 451w\" sizes=\"(max-width: 1084px) 100vw, 1084px\" \/><\/a><\/td>\n<td style=\"width: 168.344px; text-align: center; height: 306px;\"><a href=\"https:\/\/xn--familiengrten-bassersdorf-tec.ch\/wp-content\/uploads\/2026\/03\/Preisliste.pdf\"><img loading=\"lazy\" class=\"alignnone  wp-image-1283\" style=\"font-family: Roboto, Arial, Helvetica, sans-serif; text-align: start;\" src=\"https:\/\/xn--familiengrten-bassersdorf-tec.ch\/wp-content\/uploads\/2026\/03\/Screenshot-2026-03-30-200951-preisliste-256x300.png\" alt=\"\" width=\"236\" height=\"277\" srcset=\"https:\/\/xn--familiengrten-bassersdorf-tec.ch\/wp-content\/uploads\/2026\/03\/Screenshot-2026-03-30-200951-preisliste-256x300.png 256w, https:\/\/xn--familiengrten-bassersdorf-tec.ch\/wp-content\/uploads\/2026\/03\/Screenshot-2026-03-30-200951-preisliste-546x640.png 546w, https:\/\/xn--familiengrten-bassersdorf-tec.ch\/wp-content\/uploads\/2026\/03\/Screenshot-2026-03-30-200951-preisliste.png 680w\" sizes=\"(max-width: 236px) 100vw, 236px\" \/><\/a><\/td>\n<\/tr>\n<tr style=\"height: 56px;\">\n<td style=\"width: 169px; height: 56px; text-align: center;\"><strong>Gartenordung<\/strong><\/td>\n<td style=\"width: 175px; height: 56px; text-align: center;\"><strong>Statuten<\/strong><\/td>\n<td style=\"width: 188px; height: 56px; text-align: center;\"><strong>Baureglement<\/strong><\/td>\n<td style=\"width: 189px; height: 56px; text-align: center;\"><strong>Benutzung vereinseigener Anlagen<\/strong><\/td>\n<td style=\"width: 168.344px; height: 56px; text-align: center;\"><strong>Preisliste<\/strong><\/td>\n<\/tr>\n<\/tbody>\n<\/table>\n<table class=\" aligncenter\" style=\"height: 414px; width: 895px;\">\n<tbody>\n<tr style=\"height: 326.5px;\">\n<td style=\"height: 326.5px; width: 154px;\"><a href=\"https:\/\/xn--familiengrten-bassersdorf-tec.ch\/wp-content\/uploads\/2022\/10\/01-Merkblat-zum-Biogarten.pdf\" rel=\"attachment wp-att-1213\"><img loading=\"lazy\" class=\"wp-image-1213 size-medium aligncenter\" src=\"https:\/\/xn--familiengrten-bassersdorf-tec.ch\/wp-content\/uploads\/2022\/10\/Thumbnail-01-Merkblatt-213x300.png\" alt=\"\" width=\"213\" height=\"300\" srcset=\"https:\/\/xn--familiengrten-bassersdorf-tec.ch\/wp-content\/uploads\/2022\/10\/Thumbnail-01-Merkblatt-213x300.png 213w, https:\/\/xn--familiengrten-bassersdorf-tec.ch\/wp-content\/uploads\/2022\/10\/Thumbnail-01-Merkblatt-453x640.png 453w, https:\/\/xn--familiengrten-bassersdorf-tec.ch\/wp-content\/uploads\/2022\/10\/Thumbnail-01-Merkblatt.png 513w\" sizes=\"(max-width: 213px) 100vw, 213px\" \/><\/a><\/td>\n<td style=\"height: 326.5px; width: 161px;\"><a href=\"https:\/\/xn--familiengrten-bassersdorf-tec.ch\/wp-content\/uploads\/2022\/10\/02-Biologisch-ga\u0308rtnern.pdf\" rel=\"attachment wp-att-1214\"><img loading=\"lazy\" class=\"aligncenter wp-image-1214 size-medium\" src=\"https:\/\/xn--familiengrten-bassersdorf-tec.ch\/wp-content\/uploads\/2022\/10\/Thumbnail-02-Bio-Gaerten-224x300.png\" alt=\"\" width=\"224\" height=\"300\" srcset=\"https:\/\/xn--familiengrten-bassersdorf-tec.ch\/wp-content\/uploads\/2022\/10\/Thumbnail-02-Bio-Gaerten-224x300.png 224w, https:\/\/xn--familiengrten-bassersdorf-tec.ch\/wp-content\/uploads\/2022\/10\/Thumbnail-02-Bio-Gaerten-478x640.png 478w, https:\/\/xn--familiengrten-bassersdorf-tec.ch\/wp-content\/uploads\/2022\/10\/Thumbnail-02-Bio-Gaerten.png 646w\" sizes=\"(max-width: 224px) 100vw, 224px\" \/><\/a><\/td>\n<td style=\"height: 326.5px; width: 161px;\"><a href=\"https:\/\/xn--familiengrten-bassersdorf-tec.ch\/wp-content\/uploads\/2022\/10\/03-Positivliste-fu\u0308r-Kleinga\u0308rten-2021.pdf\" rel=\"attachment wp-att-1215\"><img loading=\"lazy\" class=\"aligncenter wp-image-1215 size-medium\" src=\"https:\/\/xn--familiengrten-bassersdorf-tec.ch\/wp-content\/uploads\/2022\/10\/Thumbnail-03-Invasive-Neophyten-210x300.png\" alt=\"\" width=\"210\" height=\"300\" srcset=\"https:\/\/xn--familiengrten-bassersdorf-tec.ch\/wp-content\/uploads\/2022\/10\/Thumbnail-03-Invasive-Neophyten-210x300.png 210w, https:\/\/xn--familiengrten-bassersdorf-tec.ch\/wp-content\/uploads\/2022\/10\/Thumbnail-03-Invasive-Neophyten-449x640.png 449w, https:\/\/xn--familiengrten-bassersdorf-tec.ch\/wp-content\/uploads\/2022\/10\/Thumbnail-03-Invasive-Neophyten.png 544w\" sizes=\"(max-width: 210px) 100vw, 210px\" \/><\/a><\/td>\n<td style=\"height: 326.5px; width: 159px;\"><a href=\"https:\/\/xn--familiengrten-bassersdorf-tec.ch\/wp-content\/uploads\/2022\/10\/04-Invasive-Neophyten.pdf\" rel=\"attachment wp-att-1216\"><img loading=\"lazy\" class=\"aligncenter wp-image-1216 size-medium\" src=\"https:\/\/xn--familiengrten-bassersdorf-tec.ch\/wp-content\/uploads\/2022\/10\/Thumbnail-04-Invasive-Neophyten-206x300.png\" alt=\"\" width=\"206\" height=\"300\" srcset=\"https:\/\/xn--familiengrten-bassersdorf-tec.ch\/wp-content\/uploads\/2022\/10\/Thumbnail-04-Invasive-Neophyten-206x300.png 206w, https:\/\/xn--familiengrten-bassersdorf-tec.ch\/wp-content\/uploads\/2022\/10\/Thumbnail-04-Invasive-Neophyten-439x640.png 439w, https:\/\/xn--familiengrten-bassersdorf-tec.ch\/wp-content\/uploads\/2022\/10\/Thumbnail-04-Invasive-Neophyten.png 588w\" sizes=\"(max-width: 206px) 100vw, 206px\" \/><\/a><\/td>\n<td style=\"height: 326.5px; width: 232px;\"><a href=\"https:\/\/xn--familiengrten-bassersdorf-tec.ch\/wp-content\/uploads\/2022\/10\/05-Gesetz-Freisetzungsverordnung.pdf\" rel=\"attachment wp-att-1217\"><img loading=\"lazy\" class=\"aligncenter wp-image-1217 size-medium\" src=\"https:\/\/xn--familiengrten-bassersdorf-tec.ch\/wp-content\/uploads\/2022\/10\/Thumbnail-05-Gesetz-Freisetzungsverordnung-186x300.png\" alt=\"\" width=\"186\" height=\"300\" srcset=\"https:\/\/xn--familiengrten-bassersdorf-tec.ch\/wp-content\/uploads\/2022\/10\/Thumbnail-05-Gesetz-Freisetzungsverordnung-186x300.png 186w, https:\/\/xn--familiengrten-bassersdorf-tec.ch\/wp-content\/uploads\/2022\/10\/Thumbnail-05-Gesetz-Freisetzungsverordnung-397x640.png 397w, https:\/\/xn--familiengrten-bassersdorf-tec.ch\/wp-content\/uploads\/2022\/10\/Thumbnail-05-Gesetz-Freisetzungsverordnung.png 486w\" sizes=\"(max-width: 186px) 100vw, 186px\" \/><\/a><\/td>\n<\/tr>\n<tr style=\"height: 28px;\">\n<td style=\"height: 28px; width: 154px; text-align: center;\"><strong>Merkblatt zum Biogarten<\/strong><\/td>\n<td style=\"height: 28px; width: 161px; text-align: center;\"><strong>Biologische G\u00e4rten<\/strong><\/td>\n<td style=\"height: 28px; width: 161px; text-align: center;\"><strong>Positivliste f\u00fcr Kleing\u00e4rten<\/strong><\/td>\n<td style=\"height: 28px; width: 159px; text-align: center;\"><strong>Invasive Neophyten<\/strong><\/td>\n<td style=\"height: 28px; width: 232px; text-align: center;\"><strong>Gesetz Freisetzungsverordnung<\/strong><\/td>\n<\/tr>\n<\/tbody>\n<\/table>\n<p style=\"text-align: center;\"><strong style=\"font-size: 1em; text-align: center;\">\u00a0<\/strong><\/p>\n","protected":false},"excerpt":{"rendered":"<p>\u200b Gartenordung Statuten Baureglement Benutzung vereinseigener Anlagen Preisliste Merkblatt zum Biogarten Biologische G\u00e4rten Positivliste f\u00fcr Kleing\u00e4rten Invasive Neophyten Gesetz Freisetzungsverordnung \u00a0<\/p>\n","protected":false},"author":1,"featured_media":0,"parent":718,"menu_order":0,"comment_status":"closed","ping_status":"closed","template":"","meta":[],"_links":{"self":[{"href":"https:\/\/xn--familiengrten-bassersdorf-tec.ch\/index.php?rest_route=\/wp\/v2\/pages\/724"}],"collection":[{"href":"https:\/\/xn--familiengrten-bassersdorf-tec.ch\/index.php?rest_route=\/wp\/v2\/pages"}],"about":[{"href":"https:\/\/xn--familiengrten-bassersdorf-tec.ch\/index.php?rest_route=\/wp\/v2\/types\/page"}],"author":[{"embeddable":true,"href":"https:\/\/xn--familiengrten-bassersdorf-tec.ch\/index.php?rest_route=\/wp\/v2\/users\/1"}],"replies":[{"embeddable":true,"href":"https:\/\/xn--familiengrten-bassersdorf-tec.ch\/index.php?rest_route=%2Fwp%2Fv2%2Fcomments&post=724"}],"version-history":[{"count":37,"href":"https:\/\/xn--familiengrten-bassersdorf-tec.ch\/index.php?rest_route=\/wp\/v2\/pages\/724\/revisions"}],"predecessor-version":[{"id":1284,"href":"https:\/\/xn--familiengrten-bassersdorf-tec.ch\/index.php?rest_route=\/wp\/v2\/pages\/724\/revisions\/1284"}],"up":[{"embeddable":true,"href":"https:\/\/xn--familiengrten-bassersdorf-tec.ch\/index.php?rest_route=\/wp\/v2\/pages\/718"}],"wp:attachment":[{"href":"https:\/\/xn--familiengrten-bassersdorf-tec.ch\/index.php?rest_route=%2Fwp%2Fv2%2Fmedia&parent=724"}],"curies":[{"name":"wp","href":"https:\/\/api.w.org\/{rel}","templated":true}]}}